{"id":69,"date":"2017-12-07T16:28:48","date_gmt":"2017-12-07T15:28:48","guid":{"rendered":"http:\/\/geohazards.local\/disclaimer-2\/"},"modified":"2017-12-07T16:34:12","modified_gmt":"2017-12-07T15:34:12","slug":"clause-de-non-responsabilite","status":"publish","type":"page","link":"https:\/\/www.geohazards.eu\/fr\/clause-de-non-responsabilite\/","title":{"rendered":"Clause de non-responsabilit\u00e9"},"content":{"rendered":"<h1>Clause de non-responsabilit\u00e9<\/h1>\n<p>L\u2019utilisation de ce site web (le \u00ab Site Web \u00bb) est soumise aux conditions d\u2019utilisation d\u00e9crites ci-apr\u00e8s (les \u00ab Conditions \u00bb). La simple utilisation du Site Web implique la prise de connaissance et l&rsquo;acceptation des Conditions d\u2019utilisation.<\/p>\n<h2>Information<\/h2>\n<p>Le contenu mis \u00e0 disposition sur ou via le Site Web (le \u00ab Contenu \u00bb) est communiqu\u00e9 \u00e0 titre informatif uniquement et ne peut \u00eatre utilis\u00e9 \u00e0 des fins commerciales sans l&rsquo;accord \u00e9crit expr\u00e8s de Geo Hazards BV.<\/p>\n<p>Bien que la conception du Site Web ait fait l&rsquo;objet de tout le soin requis, il ne peut \u00eatre exclu que celui-ci contienne des informations obsol\u00e8tes, incompl\u00e8tes ou inexactes. Par cons\u00e9quent, Geo Hazards BV ne peut donner aucune garantie (expresse ou implicite) quant au caract\u00e8re complet ou exact du contenu ou quant au fait qu\u2019il soit ou non adapt\u00e9 \u00e0 une utilisation particuli\u00e8re. Si vous identifiez une erreur en termes de contenu, merci d&rsquo;en informer a info@geohazards.eu. Geo Hazards BV se r\u00e9serve le droit d\u2019apporter au Site web tout changement ou correction qu\u2019il jugera utile et ce, sans pr\u00e9avis.<\/p>\n<h2>Responsabilit\u00e9<\/h2>\n<p>Geo Hazards BV ne sera pas tenu responsable en cas de perte ou de dommage caus\u00e9 par ou r\u00e9sultant de l\u2019utilisation directe ou indirecte du Site web ou du fait de s\u2019\u00eatre fi\u00e9 \u00e0 son contenu, m\u00eame si la probabilit\u00e9 de cette perte ou de ce dommage a \u00e9t\u00e9 communiqu\u00e9e (pr\u00e9c\u00e9demment). L\u2019utilisation du Site Web ou de son Contenu se fait donc \u00e0 vos propres risques.<\/p>\n<h2>Indemnit\u00e9s<\/h2>\n<p>Par la pr\u00e9sente, vous marquez votre accord pour indemniser et d\u00e9charger de toute responsabilit\u00e9 Geo Hazards BV en cas de pertes, frais, co\u00fbts ou dommages (y compris les frais juridiques raisonnables, les frais d\u2019experts et autres co\u00fbts raisonnables de r\u00e9solution de litiges) subis ou support\u00e9s par Geo Hazards BV: a) r\u00e9sultant directement ou indirectement de b) engendr\u00e9s directement ou indirectement par ;<br \/>\nou c) li\u00e9 de quelque mani\u00e8re que ce soit \u00e0 une plainte, \u00e0 une demande ou \u00e0 une action sur la base de votre utilisation de ou en connexion avec le Site Web ou son Contenu ou votre non-respect des Conditions d\u2019utilisation.<\/p>\n<h2>Droits de propri\u00e9t\u00e9 intellectuelle<\/h2>\n<p>Une partie du Contenu est soumise \u00e0 la protection des droits d&rsquo;auteur. Aucun droit de propri\u00e9t\u00e9 intellectuelle relative au Site Web et\/ou au Contenu ne vous est c\u00e9d\u00e9.<\/p>\n<h2>Lien vers d\u2019autres Sites Web<\/h2>\n<p>Le Site Web peut contenir des liens vers d\u2019autres Sites Web. L\u2019ajout de liens vers d&rsquo;autres sites web n&rsquo;implique aucune connexion, partenariat, relations ou approbation vis-\u00e0-vis de ces sites web ou de leur contenu. Geo Hazards BV ne fournit aucune garantie quant au caract\u00e8re complet ou exact du contenu ou quant \u00e0 la disponibilit\u00e9 de ces sites web. Si vous souhaitez cr\u00e9er un lien de votre site web vers celui-ci, veuillez au pr\u00e9alable contacter <a href=\"mailto:info@geohazards.eu\">info@geohazards.eu<\/a>.<\/p>\n<p>&nbsp;<\/p>\n<p>&nbsp;<\/p>\n","protected":false},"excerpt":{"rendered":"<p>Clause de non-responsabilit\u00e9 L\u2019utilisation de ce site web (le \u00ab Site Web \u00bb) est soumise aux conditions d\u2019utilisation d\u00e9crites ci-apr\u00e8s (les \u00ab Conditions \u00bb). La simple utilisation du Site Web implique la prise de connaissance et l&rsquo;acceptation des Conditions d\u2019utilisation. Information Le contenu mis \u00e0 disposition sur ou via le Site Web (le \u00ab Contenu<br \/><a class=\"read-more\" href=\"https:\/\/www.geohazards.eu\/fr\/clause-de-non-responsabilite\/\">Lees verder<\/a><\/p>\n","protected":false},"author":1,"featured_media":0,"parent":0,"menu_order":4,"comment_status":"closed","ping_status":"closed","template":"","meta":{"_acf_changed":false,"footnotes":""},"class_list":["post-69","page","type-page","status-publish","hentry"],"acf":[],"_links":{"self":[{"href":"https:\/\/www.geohazards.eu\/fr\/wp-json\/wp\/v2\/pages\/69","targetHints":{"allow":["GET"]}}],"collection":[{"href":"https:\/\/www.geohazards.eu\/fr\/wp-json\/wp\/v2\/pages"}],"about":[{"href":"https:\/\/www.geohazards.eu\/fr\/wp-json\/wp\/v2\/types\/page"}],"author":[{"embeddable":true,"href":"https:\/\/www.geohazards.eu\/fr\/wp-json\/wp\/v2\/users\/1"}],"replies":[{"embeddable":true,"href":"https:\/\/www.geohazards.eu\/fr\/wp-json\/wp\/v2\/comments?post=69"}],"version-history":[{"count":3,"href":"https:\/\/www.geohazards.eu\/fr\/wp-json\/wp\/v2\/pages\/69\/revisions"}],"predecessor-version":[{"id":77,"href":"https:\/\/www.geohazards.eu\/fr\/wp-json\/wp\/v2\/pages\/69\/revisions\/77"}],"wp:attachment":[{"href":"https:\/\/www.geohazards.eu\/fr\/wp-json\/wp\/v2\/media?parent=69"}],"curies":[{"name":"wp","href":"https:\/\/api.w.org\/{rel}","templated":true}]}}