{"id":41,"date":"2017-12-07T16:13:09","date_gmt":"2017-12-07T15:13:09","guid":{"rendered":"http:\/\/geohazards.local\/?page_id=41"},"modified":"2017-12-07T16:13:09","modified_gmt":"2017-12-07T15:13:09","slug":"home","status":"publish","type":"page","link":"https:\/\/www.geohazards.eu\/fr\/","title":{"rendered":"Home"},"content":{"rendered":"<p>GEO Hazards BV est une entreprise de construction ind\u00e9pendante, innovative et reliable dans le domaine des b\u00e2timents et travaux publics au niveau mondial.<\/p>\n<p>Depuis 1976 le fondateur et directeur g\u00e9n\u00e9ral de la soci\u00e9t\u00e9 GEO Hazards, Ger Eenens, a acquis une exp\u00e9rience extensive dans la formation de \u2018design &amp; build\u2019 solutions pour des projets technologiques qui sont les plus exigeantes. Ger Eenens est fier d&rsquo;un r\u00e9seau mondial de partenaires solides qu\u2019il entretient depuis longtemps. Son savoir-faire et son experience le font specialiste dans les domaines suivants:<\/p>\n","protected":false},"excerpt":{"rendered":"<p>GEO Hazards BV est une entreprise de construction ind\u00e9pendante, innovative et reliable dans le domaine des b\u00e2timents et travaux publics au niveau mondial. Depuis 1976 le fondateur et directeur g\u00e9n\u00e9ral de la soci\u00e9t\u00e9 GEO Hazards, Ger Eenens, a acquis une exp\u00e9rience extensive dans la formation de \u2018design &amp; build\u2019 solutions pour des projets technologiques qui<br \/><a class=\"read-more\" href=\"https:\/\/www.geohazards.eu\/fr\/\">Lees verder<\/a><\/p>\n","protected":false},"author":1,"featured_media":0,"parent":0,"menu_order":1,"comment_status":"closed","ping_status":"closed","template":"","meta":{"_acf_changed":false,"footnotes":""},"class_list":["post-41","page","type-page","status-publish","hentry"],"acf":[],"_links":{"self":[{"href":"https:\/\/www.geohazards.eu\/fr\/wp-json\/wp\/v2\/pages\/41","targetHints":{"allow":["GET"]}}],"collection":[{"href":"https:\/\/www.geohazards.eu\/fr\/wp-json\/wp\/v2\/pages"}],"about":[{"href":"https:\/\/www.geohazards.eu\/fr\/wp-json\/wp\/v2\/types\/page"}],"author":[{"embeddable":true,"href":"https:\/\/www.geohazards.eu\/fr\/wp-json\/wp\/v2\/users\/1"}],"replies":[{"embeddable":true,"href":"https:\/\/www.geohazards.eu\/fr\/wp-json\/wp\/v2\/comments?post=41"}],"version-history":[{"count":1,"href":"https:\/\/www.geohazards.eu\/fr\/wp-json\/wp\/v2\/pages\/41\/revisions"}],"predecessor-version":[{"id":43,"href":"https:\/\/www.geohazards.eu\/fr\/wp-json\/wp\/v2\/pages\/41\/revisions\/43"}],"wp:attachment":[{"href":"https:\/\/www.geohazards.eu\/fr\/wp-json\/wp\/v2\/media?parent=41"}],"curies":[{"name":"wp","href":"https:\/\/api.w.org\/{rel}","templated":true}]}}