{"id":70,"date":"2017-12-07T16:28:48","date_gmt":"2017-12-07T15:28:48","guid":{"rendered":"http:\/\/geohazards.local\/disclaimer-2\/"},"modified":"2017-12-07T16:32:29","modified_gmt":"2017-12-07T15:32:29","slug":"disclaimer-2","status":"publish","type":"page","link":"https:\/\/www.geohazards.eu\/de\/disclaimer-2\/","title":{"rendered":"Disclaimer"},"content":{"rendered":"<h1>Disclaimer<\/h1>\n<p>F\u00fcr den Gebrauch dieser Website (der Internet-Website) G\u00fclten die unterhalb beschriebenen Gebrauchs Bedingungen (die Bedingungen).Der lautere Gebrauch des Internet-Website impliziert das Wissen und die Annahme, Akzeptierung der Bedingungen mit ein. Immer wenn verwiesen wird nach Geo Hazards BV wird davon ausgegangen dass es sich um Geo Hazards ihre Filialen, Mitarbeiter Direktoren, Funktionare, angestellte und Vertreter handelt.<\/p>\n<h2>Informationen<\/h2>\n<p>Der vorhandene Inhalt ist verf\u00fcgbar gemacht auf oder via die Website, der Content, wird Einzel zur Information besorgt und darf nicht f\u00fcr Commercial zwecke benutzt werden ohne die ausdr\u00fcckliche schriftliche Zustimmung von Geo Hazards BV.<\/p>\n<p>Obgleich die Internet-Website mit der notwendigen Andacht und Bem\u00fchungen gebildet worden ist, kann nicht ausgeschlossen werden das bestimmte Inhalte veraltet, unvollst\u00e4ndig oder auf eine andere weise inkorrekt ist. Bez\u00fcglich diesem kann Geo Hazards BV keine- explicit oder implizite \u2013 Garantie geben mit Bezug zur Vollst\u00e4ndigkeit oder die Genauigkeit des Inhalts f\u00fcr ein spezifisches Ziel. Wenn Sie Fehler im Inhalt entdecken, gut denken und ohne Mitteilung \u00c4nderungen und Verbesserungen an der Website aus zu f\u00fchren.<\/p>\n<h2>Haftpflicht<\/h2>\n<p>Geo Hazards BV ist nicht verantwortlich f\u00fcr Verlust oder schaden vorkommend aus oder Resultat von direkt oder indirekt gebrauch der Website oder vert\u00e4uen im Inhalt, auch wenn eherneres Beratung ist gegeben oder empfangen das ein gleicher Verlust oder schaden statt kann finden. Das gebrauch der Website oder den Inhalt geschieht v\u00f6llig auf eigenem Risiko.<\/p>\n<h2>Freistellung<\/h2>\n<p>Sie stimmen damit ein das Geo Hazards BV nicht haftet und haften wirte f\u00fcr Verlust, ausgaben, kosten oder schaden (mit einbegriff von acceptabelen juridische kosten, experten kosten und andere akzeptabelen Prozesskosten) gelitten oder verursacht durch Geo Hazards BV: a) die direkt oder indirekt vorkommen aus; b) die direkt oder indirekt h\u00f6her geworden sind als folge von; oder c) die auf gleicher weise Bezug haben auf gleich welchem Claim, F\u00f6rderung oder Handlung auf Basis von ihrem gebrauch oder im Zusammenhang mit der Website oder Inhalt oder ihre Sch\u00e4ndung der Bedingungen.<\/p>\n<h2>Intellektuelle \u2013Eigentumsrechte<\/h2>\n<p>Bestimmter Inhalt f\u00e4llt unter Copyright sch\u00fctz. Es werden keine Intellektuelle Eigentumsrechte mit Bezug zur der Website und\/oder dem Inhalt an Sie \u00fcberwiesen.<\/p>\n<h2>Links zu anderen Internet-Websites<\/h2>\n<p>Die Internet-Website enth\u00e4lt links zu anderen Internet-Websites. Die Integration von links zu anderen Internet-Websites bezieht sich in sich keine (e) Relation, Teilhaberschaft oder Zustimmung jener Internet-Website oder ihres Inhalts mit ein. Geo Hazards BV Garantiert noch die Vollst\u00e4ndigkeit oder die Genauigkeit des Inhalts noch die Verf\u00fcgbarkeit jener Internet-Website. Wenn Sie links von Ihrem Internet-Website zu diesem Website kreieren, treten Sie in Kontakt, nehmen Sie bitte im voraus kontakt auf mit <a href=\"mailto:info@geohazards.eu\">info@geohazards.eu<\/a><\/p>\n<p>&nbsp;<\/p>\n<p>&nbsp;<\/p>\n","protected":false},"excerpt":{"rendered":"<p>Disclaimer F\u00fcr den Gebrauch dieser Website (der Internet-Website) G\u00fclten die unterhalb beschriebenen Gebrauchs Bedingungen (die Bedingungen).Der lautere Gebrauch des Internet-Website impliziert das Wissen und die Annahme, Akzeptierung der Bedingungen mit ein. Immer wenn verwiesen wird nach Geo Hazards BV wird davon ausgegangen dass es sich um Geo Hazards ihre Filialen, Mitarbeiter Direktoren, Funktionare, angestellte und<br \/><a class=\"read-more\" href=\"https:\/\/www.geohazards.eu\/de\/disclaimer-2\/\">Lees verder<\/a><\/p>\n","protected":false},"author":1,"featured_media":0,"parent":0,"menu_order":4,"comment_status":"closed","ping_status":"closed","template":"","meta":{"_acf_changed":false,"footnotes":""},"class_list":["post-70","page","type-page","status-publish","hentry"],"acf":[],"_links":{"self":[{"href":"https:\/\/www.geohazards.eu\/de\/wp-json\/wp\/v2\/pages\/70","targetHints":{"allow":["GET"]}}],"collection":[{"href":"https:\/\/www.geohazards.eu\/de\/wp-json\/wp\/v2\/pages"}],"about":[{"href":"https:\/\/www.geohazards.eu\/de\/wp-json\/wp\/v2\/types\/page"}],"author":[{"embeddable":true,"href":"https:\/\/www.geohazards.eu\/de\/wp-json\/wp\/v2\/users\/1"}],"replies":[{"embeddable":true,"href":"https:\/\/www.geohazards.eu\/de\/wp-json\/wp\/v2\/comments?post=70"}],"version-history":[{"count":2,"href":"https:\/\/www.geohazards.eu\/de\/wp-json\/wp\/v2\/pages\/70\/revisions"}],"predecessor-version":[{"id":75,"href":"https:\/\/www.geohazards.eu\/de\/wp-json\/wp\/v2\/pages\/70\/revisions\/75"}],"wp:attachment":[{"href":"https:\/\/www.geohazards.eu\/de\/wp-json\/wp\/v2\/media?parent=70"}],"curies":[{"name":"wp","href":"https:\/\/api.w.org\/{rel}","templated":true}]}}