{"id":38,"date":"2017-12-07T16:11:14","date_gmt":"2017-12-07T15:11:14","guid":{"rendered":"http:\/\/geohazards.local\/?page_id=38"},"modified":"2017-12-07T16:11:14","modified_gmt":"2017-12-07T15:11:14","slug":"home","status":"publish","type":"page","link":"https:\/\/www.geohazards.eu\/de\/","title":{"rendered":"Home"},"content":{"rendered":"<p>GEO Hazards BV ist ein unabh\u00e4ngiges, innovatives und zuverl\u00e4ssiges Unternehmen im Bereich Hoch- und Tiefbau und weltweit aktiv.<\/p>\n<p>Seit 1976 hat der Gr\u00fcnder und Gesch\u00e4ftsf\u00fchrer der GEO Hazards BV, Ger Eenens, umfangreiche Erfahrungen gesammelt beim Aufbau und der Gestaltung anspruchsvoller Technologieprojekte auf dem Gebiet von geologischen Naturgefahren und Sicherheitsma\u00dfnahmen. Ger Eenens unterh\u00e4lt seit vielen Jahren ein Netzwerk mit h\u00f6chst qualifizierten Spezialisten. Dieses technische Know-how und die jahrelange Erfahrung sorgt daf\u00fcr, dass GEO Hazards auf Planung und Schaffen von L\u00f6sungen in folgenden Bereichen spezialisiert ist:<\/p>\n","protected":false},"excerpt":{"rendered":"<p>GEO Hazards BV ist ein unabh\u00e4ngiges, innovatives und zuverl\u00e4ssiges Unternehmen im Bereich Hoch- und Tiefbau und weltweit aktiv. Seit 1976 hat der Gr\u00fcnder und Gesch\u00e4ftsf\u00fchrer der GEO Hazards BV, Ger Eenens, umfangreiche Erfahrungen gesammelt beim Aufbau und der Gestaltung anspruchsvoller Technologieprojekte auf dem Gebiet von geologischen Naturgefahren und Sicherheitsma\u00dfnahmen. Ger Eenens unterh\u00e4lt seit vielen Jahren<br \/><a class=\"read-more\" href=\"https:\/\/www.geohazards.eu\/de\/\">Lees verder<\/a><\/p>\n","protected":false},"author":1,"featured_media":0,"parent":0,"menu_order":1,"comment_status":"closed","ping_status":"closed","template":"","meta":{"_acf_changed":false,"footnotes":""},"class_list":["post-38","page","type-page","status-publish","hentry"],"acf":[],"_links":{"self":[{"href":"https:\/\/www.geohazards.eu\/de\/wp-json\/wp\/v2\/pages\/38","targetHints":{"allow":["GET"]}}],"collection":[{"href":"https:\/\/www.geohazards.eu\/de\/wp-json\/wp\/v2\/pages"}],"about":[{"href":"https:\/\/www.geohazards.eu\/de\/wp-json\/wp\/v2\/types\/page"}],"author":[{"embeddable":true,"href":"https:\/\/www.geohazards.eu\/de\/wp-json\/wp\/v2\/users\/1"}],"replies":[{"embeddable":true,"href":"https:\/\/www.geohazards.eu\/de\/wp-json\/wp\/v2\/comments?post=38"}],"version-history":[{"count":1,"href":"https:\/\/www.geohazards.eu\/de\/wp-json\/wp\/v2\/pages\/38\/revisions"}],"predecessor-version":[{"id":40,"href":"https:\/\/www.geohazards.eu\/de\/wp-json\/wp\/v2\/pages\/38\/revisions\/40"}],"wp:attachment":[{"href":"https:\/\/www.geohazards.eu\/de\/wp-json\/wp\/v2\/media?parent=38"}],"curies":[{"name":"wp","href":"https:\/\/api.w.org\/{rel}","templated":true}]}}